{"id":24,"date":"2026-05-13T10:48:01","date_gmt":"2026-05-13T10:48:01","guid":{"rendered":"https:\/\/valmoreira.com\/index.php\/contacto\/"},"modified":"2026-05-13T10:48:01","modified_gmt":"2026-05-13T10:48:01","slug":"contacto","status":"publish","type":"page","link":"https:\/\/valmoreira.com\/index.php\/contacto\/","title":{"rendered":"Contacte-nos"},"content":{"rendered":"\n<div class=\"wp-block-columns is-layout-flex wp-container-core-columns-is-layout-9d6595d7 wp-block-columns-is-layout-flex\">\n<div class=\"wp-block-column is-layout-flow wp-block-column-is-layout-flow\" style=\"flex-basis:55%\">\n<h2 class=\"wp-block-heading\">Envie-nos uma Mensagem<\/h2>\n\n\n\n<p>Preencha o formul\u00e1rio abaixo e responderemos o mais brevemente poss\u00edvel. Para marca\u00e7\u00f5es de visitas utilize a p\u00e1gina <a href=\"\/visitas\">Visitas &amp; Provas<\/a>.<\/p>\n\n\n\n<p class=\"has-text-color\" style=\"color:#8B7355\"><em>Adicione aqui o shortcode do WPForms: [wpforms id=&#8221;XX&#8221;]<\/em><\/p>\n<\/div>\n\n\n\n<div class=\"wp-block-column is-layout-flow wp-block-column-is-layout-flow\" style=\"flex-basis:45%\">\n<h2 class=\"wp-block-heading\">Como Chegar<\/h2>\n\n\n\n<div style=\"border-radius:12px;overflow:hidden;\"><iframe src=\"https:\/\/www.google.com\/maps\/embed?pb=!1m18!1m12!1m3!1d5925.5!2d-8.5893!3d41.7676!2m3!1f0!2f0!3f0!3m2!1i1024!2i768!4f13.1!3m3!1m2!1s0xd25b5bbf48a7c97%3A0x5e3b1e4b2c0f3a47!2sPonte%20de%20Lima!5e0!3m2!1spt-PT!2spt\" style=\"width:100%;height:450px;border:0;\" allowfullscreen loading=\"lazy\"><\/iframe><\/div>\n<\/div>\n<\/div>\n","protected":false},"excerpt":{"rendered":"<p>Estamos aqui para responder a todas as suas quest\u00f5es<\/p>\n","protected":false},"author":2,"featured_media":0,"parent":0,"menu_order":0,"comment_status":"closed","ping_status":"closed","template":"page-contacto.php","meta":{"footnotes":""},"class_list":["post-24","page","type-page","status-publish","hentry"],"_links":{"self":[{"href":"https:\/\/valmoreira.com\/index.php\/wp-json\/wp\/v2\/pages\/24","targetHints":{"allow":["GET"]}}],"collection":[{"href":"https:\/\/valmoreira.com\/index.php\/wp-json\/wp\/v2\/pages"}],"about":[{"href":"https:\/\/valmoreira.com\/index.php\/wp-json\/wp\/v2\/types\/page"}],"author":[{"embeddable":true,"href":"https:\/\/valmoreira.com\/index.php\/wp-json\/wp\/v2\/users\/2"}],"replies":[{"embeddable":true,"href":"https:\/\/valmoreira.com\/index.php\/wp-json\/wp\/v2\/comments?post=24"}],"version-history":[{"count":0,"href":"https:\/\/valmoreira.com\/index.php\/wp-json\/wp\/v2\/pages\/24\/revisions"}],"wp:attachment":[{"href":"https:\/\/valmoreira.com\/index.php\/wp-json\/wp\/v2\/media?parent=24"}],"curies":[{"name":"wp","href":"https:\/\/api.w.org\/{rel}","templated":true}]}}