{"id":21,"date":"2026-05-13T10:48:01","date_gmt":"2026-05-13T10:48:01","guid":{"rendered":"https:\/\/valmoreira.com\/index.php\/visitas\/"},"modified":"2026-05-13T10:48:01","modified_gmt":"2026-05-13T10:48:01","slug":"visitas","status":"publish","type":"page","link":"https:\/\/valmoreira.com\/index.php\/visitas\/","title":{"rendered":"Visitas &#038; Provas"},"content":{"rendered":"\n<h2 class=\"wp-block-heading has-text-align-center\" style=\"font-size:2.5rem\">Agende a Sua Visita<\/h2>\n\n\n\n<p class=\"has-text-align-center\">Preencha o formul\u00e1rio e entraremos em contacto. Para marca\u00e7\u00f5es imediatas ligue (+351) 962 324 282.<\/p>\n","protected":false},"excerpt":{"rendered":"<p>Descubra a arte do vinho verde numa experi\u00eancia inesquec\u00edvel<\/p>\n","protected":false},"author":2,"featured_media":0,"parent":0,"menu_order":0,"comment_status":"closed","ping_status":"closed","template":"page-visitas.php","meta":{"footnotes":""},"class_list":["post-21","page","type-page","status-publish","hentry"],"_links":{"self":[{"href":"https:\/\/valmoreira.com\/index.php\/wp-json\/wp\/v2\/pages\/21","targetHints":{"allow":["GET"]}}],"collection":[{"href":"https:\/\/valmoreira.com\/index.php\/wp-json\/wp\/v2\/pages"}],"about":[{"href":"https:\/\/valmoreira.com\/index.php\/wp-json\/wp\/v2\/types\/page"}],"author":[{"embeddable":true,"href":"https:\/\/valmoreira.com\/index.php\/wp-json\/wp\/v2\/users\/2"}],"replies":[{"embeddable":true,"href":"https:\/\/valmoreira.com\/index.php\/wp-json\/wp\/v2\/comments?post=21"}],"version-history":[{"count":0,"href":"https:\/\/valmoreira.com\/index.php\/wp-json\/wp\/v2\/pages\/21\/revisions"}],"wp:attachment":[{"href":"https:\/\/valmoreira.com\/index.php\/wp-json\/wp\/v2\/media?parent=21"}],"curies":[{"name":"wp","href":"https:\/\/api.w.org\/{rel}","templated":true}]}}